{"id":2,"date":"2026-01-14T15:17:50","date_gmt":"2026-01-14T15:17:50","guid":{"rendered":"http:\/\/torkelstad.org\/wp1\/?page_id=2"},"modified":"2026-01-17T16:44:59","modified_gmt":"2026-01-17T16:44:59","slug":"sample-page","status":"publish","type":"page","link":"https:\/\/torkelstad.org\/wp1\/sample-page\/","title":{"rendered":"Rutiner &#8211; avtaler o.l."},"content":{"rendered":"\n\n\n\n\n<p><br>Driftsrutiner<br>Bare tiss og b\u00e6sj<br>Stenge opne rundt vinter<br>Om det oppst\u00e5r feil<br>Ved str\u00f8mbrudd<\/p>\n\n\n\n<p>:<\/p>\n\n\n\n<blockquote class=\"wp-block-quote is-layout-flow wp-block-quote-is-layout-flow\">\n<p>Hi there! I\\&#8217;m a bike messenger by day, aspiring actor by night, and this is my website. I live in Los Angeles, have a great dog named Jack, and I like pi\u00f1a coladas. (And gettin\\&#8217; caught in the rain.)<\/p>\n<\/blockquote>\n\n\n\n<p>Medlemsavtale<br>Tinglysinger<br>VI har avtale med alle grunneiere<\/p>\n\n\n\n<blockquote class=\"wp-block-quote is-layout-flow wp-block-quote-is-layout-flow\">\n<p>The XYZ Doohickey Company was founded in 1971, and has been providing quality doohickeys to the public ever since. Located in Gotham City, XYZ employs over 2,000 people and does all kinds of awesome things for the Gotham community.<\/p>\n<\/blockquote>\n\n\n\n<p>As a new WordPress user, you should go to <a href=\"https:\/\/torkelstad.org\/wp1\/wp-admin\/\">your dashboard<\/a> to delete this page and create new pages for your content. Have fun!<\/p>\n\n\n\n\n\n\n\n\n\n\n\n\n\n\n\n\n\n\n\n\n\nabout us\n\n\n\n\n\n\n\nabout us\n\n\n\n\n\n\n\n\n\n\n\nHi guys!\n\n\n\n<p>Lorem ipsum dolor sit amet, consectetur adipiscing elit. Proin diam justo, scelerisque non felis porta, placerat vestibulum nisi. Vestibulum ac elementum massa. In rutrum quis risus quis sollicitudin. Pellentesque non eros ante. Vestibulum sed tristique massa. Quisque et feugiat risus, eu tristique felis. Pellentesque habitant morbi tristique senectus et netus et malesuada fames ac turpis egestas. Nulla facilisi. Pellentesque varius ipsum in urna semper volutpat. Etiam ac magna scelerisque, sodales enim at, interdum nibh. Nulla nec blandit orci. Ut suscipit sollicitudin varius. Etiam ut bibendum purus, sit amet tristique lectu<\/p>\n\n\n\n<p>Lorem ipsum dolor sit amet, consectetur adipiscing elit. Proin diam justo, scelerisque non felis porta, placerat vestibulum nisi. <\/p>\n\n\n\n<p>Jonathan Borba<\/p>\n\n\n\n\n\n\n\n\n\nawesome feature\n\n\n\n\n\n<p>Lorem ipsum dolor sit amet, consectetur adipiscing elit. Proin diam justo, scelerisque non felis porta, placerat vestibulum nisi. Vestibulum ac elementum massa.<\/p>\n\n\n\n\n\n<p>Lorem Ipsum has been the industry\\&#8217;s standard dummy text ever since the 1500s, when an unknown printer took a galley of type.<\/p>\n\n\n\n\n\n<p>Lorem Ipsum has been the industry\\&#8217;s standard dummy text ever since the 1500s, when an unknown printer took a galley of type .<\/p>\n\n\n\n\n\n<p>Lorem Ipsum has been the industry\\&#8217;s standard dummy text ever since the 1500s, when an unknown printer took a galley of type.<\/p>\n\n\n\n\n\n\n\n\n\nour expert trainers\n\n\n\n\n\n<p>Lorem ipsum dolor sit amet, consectetur adipiscing elit. Proin diam justo, scelerisque non felis porta, placerat vestibulum nisi. Vestibulum ac elementum massa.<\/p>\n\n\n\n\n\n<p>Lorem Ipsum has been the industry\\&#8217;s standard dummy text ever since the 1500s, when an unknown printer took a galley.<\/p>\n\n\n\n\n\n<p>Lorem Ipsum has been the industry\\&#8217;s standard dummy text ever since the 1500s, when an unknown printer took a galley.<\/p>\n\n\n\n\n\n<p>Lorem Ipsum has been the industry\\&#8217;s standard dummy text ever since the 1500s, when an unknown printer took a galley.<\/p>\n\n\n\n\n\n\n\n\n\n\n\nLorem ipsum dolor sit amet, consectetur adipiscing elit. Proin diam justo, scelerisque non felis porta, placerat vestibulum nisi.\n\n\n\n\n\n\n\n\n\n\n\n\n\n\n\n\n\nservices\n\n\n\n\nLorem ipsum dolor sit amet\n\n\n\nconsectetur adipiscing\n\n\n\nProin diam justo\n\n\n\nscelerisque non felis porta\n\n\n\nplacerat vestibulum nisi\n\n\n\n\n\n\nget in touch\n\n\n\n\n\n\n\n\n\n\n\n\n\n\n","protected":false},"excerpt":{"rendered":"","protected":false},"author":1,"featured_media":0,"parent":0,"menu_order":0,"comment_status":"closed","ping_status":"closed","template":"","meta":{"pagelayer_contact_templates":[],"_pagelayer_content":"","footnotes":""},"class_list":["post-2","page","type-page","status-publish","hentry"],"_links":{"self":[{"href":"https:\/\/torkelstad.org\/wp1\/wp-json\/wp\/v2\/pages\/2","targetHints":{"allow":["GET"]}}],"collection":[{"href":"https:\/\/torkelstad.org\/wp1\/wp-json\/wp\/v2\/pages"}],"about":[{"href":"https:\/\/torkelstad.org\/wp1\/wp-json\/wp\/v2\/types\/page"}],"author":[{"embeddable":true,"href":"https:\/\/torkelstad.org\/wp1\/wp-json\/wp\/v2\/users\/1"}],"replies":[{"embeddable":true,"href":"https:\/\/torkelstad.org\/wp1\/wp-json\/wp\/v2\/comments?post=2"}],"version-history":[{"count":6,"href":"https:\/\/torkelstad.org\/wp1\/wp-json\/wp\/v2\/pages\/2\/revisions"}],"predecessor-version":[{"id":108,"href":"https:\/\/torkelstad.org\/wp1\/wp-json\/wp\/v2\/pages\/2\/revisions\/108"}],"wp:attachment":[{"href":"https:\/\/torkelstad.org\/wp1\/wp-json\/wp\/v2\/media?parent=2"}],"curies":[{"name":"wp","href":"https:\/\/api.w.org\/{rel}","templated":true}]}}